
{"id":729,"date":"2015-07-21T16:46:23","date_gmt":"2015-07-21T16:46:23","guid":{"rendered":"http:\/\/nidel.ch\/Wordpress\/?page_id=729"},"modified":"2015-07-21T16:46:23","modified_gmt":"2015-07-21T16:46:23","slug":"geschichten","status":"publish","type":"page","link":"https:\/\/seiberth.ch\/wp_2015\/geschichten\/","title":{"rendered":"Freie Texte"},"content":{"rendered":"<p><b>Geschichten h\u00f6ren<br \/>\nund Geschichten erz\u00e4hlen<br \/>\nheisst:\u00a0<\/b><b>Welt ordnen. <\/b><\/p>\n<p>Ich liebe Geschichten. Am liebsten h\u00f6re ich sie (zum Beispiel in Form von Gespr\u00e4chen auf dem Postplatz), am zweitliebsten lese ich sie (zum Beispiel in B\u00fcchern) und am drittliebsten \u2013 aber immer noch sehr gerne &#8211; sehe ich sie (zum Beispiel in Form von Fernsehserien).\u00a0Ich setze auch gerne selber Geschichten in die Welt, im Gespr\u00e4ch, im Lied, im B\u00fchnentext, im Film, in B\u00fcchern oder im Blog. So entstehen gelegentlich auch journalistische Texte.<\/p>\n","protected":false},"excerpt":{"rendered":"<p>Geschichten h\u00f6ren und Geschichten erz\u00e4hlen heisst:\u00a0Welt ordnen. Ich liebe Geschichten. Am liebsten h\u00f6re ich sie (zum Beispiel in Form von Gespr\u00e4chen auf dem Postplatz), am zweitliebsten lese ich sie (zum Beispiel in B\u00fcchern) und am drittliebsten \u2013 aber immer noch sehr gerne &#8211; sehe ich sie (zum Beispiel in Form von Fernsehserien).\u00a0Ich setze auch gerne &hellip; <a href=\"https:\/\/seiberth.ch\/wp_2015\/geschichten\/\" class=\"more-link\"><span class=\"screen-reader-text\">Freie Texte<\/span> weiterlesen <span class=\"meta-nav\">&rarr;<\/span><\/a><\/p>\n","protected":false},"author":2,"featured_media":0,"parent":0,"menu_order":0,"comment_status":"closed","ping_status":"closed","template":"","meta":{"footnotes":""},"class_list":["post-729","page","type-page","status-publish","hentry"],"_links":{"self":[{"href":"https:\/\/seiberth.ch\/wp_2015\/wp-json\/wp\/v2\/pages\/729","targetHints":{"allow":["GET"]}}],"collection":[{"href":"https:\/\/seiberth.ch\/wp_2015\/wp-json\/wp\/v2\/pages"}],"about":[{"href":"https:\/\/seiberth.ch\/wp_2015\/wp-json\/wp\/v2\/types\/page"}],"author":[{"embeddable":true,"href":"https:\/\/seiberth.ch\/wp_2015\/wp-json\/wp\/v2\/users\/2"}],"replies":[{"embeddable":true,"href":"https:\/\/seiberth.ch\/wp_2015\/wp-json\/wp\/v2\/comments?post=729"}],"version-history":[{"count":0,"href":"https:\/\/seiberth.ch\/wp_2015\/wp-json\/wp\/v2\/pages\/729\/revisions"}],"wp:attachment":[{"href":"https:\/\/seiberth.ch\/wp_2015\/wp-json\/wp\/v2\/media?parent=729"}],"curies":[{"name":"wp","href":"https:\/\/api.w.org\/{rel}","templated":true}]}}