
{"id":738,"date":"2015-07-21T17:06:38","date_gmt":"2015-07-21T17:06:38","guid":{"rendered":"http:\/\/nidel.ch\/Wordpress\/?page_id=738"},"modified":"2022-09-08T16:53:07","modified_gmt":"2022-09-08T14:53:07","slug":"texte","status":"publish","type":"page","link":"https:\/\/seiberth.ch\/wp_2015\/texte\/","title":{"rendered":"Auftragstexte"},"content":{"rendered":"<p><b>Ich\u00a0helfe Ihnen\u00a0<\/b><b>beim<br \/>\n<\/b><b>Ordnen Ihrer Gedanken<br \/>\nund beim Niederschreiben.<br \/>\n<\/b><\/p>\n<p>Meine Spezialit\u00e4t ist Schreiben: fl\u00fcssige Texte, professionell auf Zielpublikum und Medium ausgerichtet: Briefe, Reden, Webtexte, Pressetexte, Werbetexte, Prospekte und Brosch\u00fcren. Ghostwriting. Textcoaching und Lektorat. Textexpertisen, Schreibkurse und Stilberatung f\u00fcr Teams und Einzelpersonen.<\/p>\n<p>&#8230; Ah, was ich noch sagen wollte: Ich schreibe seit ich im AHV-Alter bin, nur noch Texte, f\u00fcr die ich ein wenig Phantasie walten lassen kann, und f\u00fcr die ich, unerwartete Verbindungen und \u00fcberraschende Wendungen herstellen kann.<\/p>\n","protected":false},"excerpt":{"rendered":"<p>Ich\u00a0helfe Ihnen\u00a0beim Ordnen Ihrer Gedanken und beim Niederschreiben. Meine Spezialit\u00e4t ist Schreiben: fl\u00fcssige Texte, professionell auf Zielpublikum und Medium ausgerichtet: Briefe, Reden, Webtexte, Pressetexte, Werbetexte, Prospekte und Brosch\u00fcren. Ghostwriting. Textcoaching und Lektorat. Textexpertisen, Schreibkurse und Stilberatung f\u00fcr Teams und Einzelpersonen. &#8230; Ah, was ich noch sagen wollte: Ich schreibe seit ich im AHV-Alter bin, nur &hellip; <a href=\"https:\/\/seiberth.ch\/wp_2015\/texte\/\" class=\"more-link\"><span class=\"screen-reader-text\">Auftragstexte<\/span> weiterlesen <span class=\"meta-nav\">&rarr;<\/span><\/a><\/p>\n","protected":false},"author":2,"featured_media":0,"parent":0,"menu_order":0,"comment_status":"closed","ping_status":"closed","template":"","meta":{"footnotes":""},"class_list":["post-738","page","type-page","status-publish","hentry"],"_links":{"self":[{"href":"https:\/\/seiberth.ch\/wp_2015\/wp-json\/wp\/v2\/pages\/738","targetHints":{"allow":["GET"]}}],"collection":[{"href":"https:\/\/seiberth.ch\/wp_2015\/wp-json\/wp\/v2\/pages"}],"about":[{"href":"https:\/\/seiberth.ch\/wp_2015\/wp-json\/wp\/v2\/types\/page"}],"author":[{"embeddable":true,"href":"https:\/\/seiberth.ch\/wp_2015\/wp-json\/wp\/v2\/users\/2"}],"replies":[{"embeddable":true,"href":"https:\/\/seiberth.ch\/wp_2015\/wp-json\/wp\/v2\/comments?post=738"}],"version-history":[{"count":1,"href":"https:\/\/seiberth.ch\/wp_2015\/wp-json\/wp\/v2\/pages\/738\/revisions"}],"predecessor-version":[{"id":1941,"href":"https:\/\/seiberth.ch\/wp_2015\/wp-json\/wp\/v2\/pages\/738\/revisions\/1941"}],"wp:attachment":[{"href":"https:\/\/seiberth.ch\/wp_2015\/wp-json\/wp\/v2\/media?parent=738"}],"curies":[{"name":"wp","href":"https:\/\/api.w.org\/{rel}","templated":true}]}}