
{"id":757,"date":"2015-07-21T20:53:04","date_gmt":"2015-07-21T20:53:04","guid":{"rendered":"http:\/\/nidel.ch\/Wordpress\/?page_id=757"},"modified":"2015-11-20T12:37:41","modified_gmt":"2015-11-20T11:37:41","slug":"gestaltung","status":"publish","type":"page","link":"https:\/\/seiberth.ch\/wp_2015\/gestaltung\/","title":{"rendered":"gestalten veranstalten verlegen"},"content":{"rendered":"<p><b>Gestaltung ist Lockstoff<\/b><br \/>\nDie Idee, das Konzept und der Text sind die Grundlage. Aber der T\u00fcr\u00f6ffner ist die Gestaltung. Wenn niemand angelockt wird, sind die guten Ideen, ist der gute Text f\u00fcr die Katz. Deshalb gestalte ich auch Inhalte im Web, Zeitschriften, B\u00fccher, Inserate, Prospekte, Drucksachen und Events.<\/p>\n<p><a href=\"http:\/\/seiberth.ch\/wp_2015\/gestaltung\/gestaltung-details\/\">Mehr<\/a>.<\/p>\n","protected":false},"excerpt":{"rendered":"<p>Gestaltung ist Lockstoff Die Idee, das Konzept und der Text sind die Grundlage. Aber der T\u00fcr\u00f6ffner ist die Gestaltung. Wenn niemand angelockt wird, sind die guten Ideen, ist der gute Text f\u00fcr die Katz. Deshalb gestalte ich auch Inhalte im Web, Zeitschriften, B\u00fccher, Inserate, Prospekte, Drucksachen und Events. Mehr.<\/p>\n","protected":false},"author":2,"featured_media":0,"parent":0,"menu_order":0,"comment_status":"closed","ping_status":"closed","template":"","meta":{"footnotes":""},"class_list":["post-757","page","type-page","status-publish","hentry"],"_links":{"self":[{"href":"https:\/\/seiberth.ch\/wp_2015\/wp-json\/wp\/v2\/pages\/757","targetHints":{"allow":["GET"]}}],"collection":[{"href":"https:\/\/seiberth.ch\/wp_2015\/wp-json\/wp\/v2\/pages"}],"about":[{"href":"https:\/\/seiberth.ch\/wp_2015\/wp-json\/wp\/v2\/types\/page"}],"author":[{"embeddable":true,"href":"https:\/\/seiberth.ch\/wp_2015\/wp-json\/wp\/v2\/users\/2"}],"replies":[{"embeddable":true,"href":"https:\/\/seiberth.ch\/wp_2015\/wp-json\/wp\/v2\/comments?post=757"}],"version-history":[{"count":4,"href":"https:\/\/seiberth.ch\/wp_2015\/wp-json\/wp\/v2\/pages\/757\/revisions"}],"predecessor-version":[{"id":1201,"href":"https:\/\/seiberth.ch\/wp_2015\/wp-json\/wp\/v2\/pages\/757\/revisions\/1201"}],"wp:attachment":[{"href":"https:\/\/seiberth.ch\/wp_2015\/wp-json\/wp\/v2\/media?parent=757"}],"curies":[{"name":"wp","href":"https:\/\/api.w.org\/{rel}","templated":true}]}}