
{"id":777,"date":"2015-07-22T09:32:53","date_gmt":"2015-07-22T09:32:53","guid":{"rendered":"http:\/\/nidel.ch\/Wordpress\/?page_id=777"},"modified":"2024-09-23T22:34:56","modified_gmt":"2024-09-23T20:34:56","slug":"portraet-details","status":"publish","type":"page","link":"https:\/\/seiberth.ch\/wp_2015\/portraet-2\/portraet-details\/","title":{"rendered":"J\u00fcrg Seiberth (Details)"},"content":{"rendered":"\n<p>*1955, verheiratet, zwei erwachsene T\u00f6chter, lebt in Arlesheim (Schweiz, Europa, Planet Erde). \u2013 Autor, Texter, Kulturveranstalter, Verleger, Politiker.<\/p>\n\n\n\n<p><strong>Ausbildung:<\/strong> Studierte in Basel und Wien: Deutsch, Englisch, Filmakademie, Philosophie, Theaterwissenschaft. Dissertation: Walt Disney und die Familie (Wien 1985). Eidg. Dipl. Verlagsmanager (1998).<\/p>\n\n\n\n<p><strong>Berufserfahrung:<\/strong> War f\u00fcnfzehn Jahre lang Werbe- und Verkaufsleiter in einem Verlag und in einem Medienunternehmen. Seit 1.1.2000 selbst\u00e4ndig mit Einzelfirma Text und Media. Seit 2008 betreibt er zus\u00e4tzlich und&nbsp;gemeinsam mit Helga Seiberth und mit grossem Enthusiasmus das Bed and Breakfast \u201eforgetmenot\u201c.&nbsp; War&nbsp;Redaktionsleiter des <a href=\"http:\/\/www.birsmagazin.ch\" target=\"_blank\" rel=\"noopener noreferrer\">BirsMagazins<\/a>&nbsp;(Sommer 2013 bis Winter 2017)<\/p>\n\n\n\n<p><strong>Schreibt<\/strong> <a href=\"https:\/\/seiberth.ch\/wp_2015\/category\/kolumnen\/\">Kolumnen<\/a>, Reden, Lieder, Szenen, H\u00f6rspiele (<a href=\"https:\/\/www.srf.ch\/audio\/krimi\/le-lavandou-von-juerg-seiberth-gespraech?id=12554177\">Beispiel<\/a>) , Prosa. Bet\u00e4tigt sich als Satiriker (z.B. mit \u2039touche ma bouche\u203a), schreibt und gestaltet B\u00fccher (z.B. \u2039Der Teufelhof\u203a, 2009 mit Fredy Heller), <strong><a href=\"https:\/\/seiberth.ch\/wp_2015\/category\/edition-text-und-media\/\">verlegt<\/a><\/strong> B\u00fccher.<\/p>\n\n\n\n<p><strong>Aktivit\u00e4ten:&nbsp;<\/strong>Autor, Texter und Gestalter. OK-Mitglied (Programm und Kommunikation) f\u00fcr das Projekt &#8220;Kulturzirkus Arlesheim&#8221;.<\/p>\n\n\n\n<p><strong>War<\/strong> 2016 bis 2024 Gemeinderat (SP) in Arlesheim, Ressorts Bildung und Soziales (bis 2020), Bildung und Kultur (ab 2020). 2010 bis 2024 , Mitglied und Vizepr\u00e4sident\u00a0des Schulrates des Gymnasiums M\u00fcnchenstein. 2010 bis 2022 Pr\u00e4sident des Vereins Treffpunkt Arlesheim (bis 2016 Verkehrsverein Arlesheim), Vize-Pr\u00e4sident des Vereins B\u00fchnete, Arlesheim, Publikumsrat SRG (2010 bis 2021) und in der Programmkommission SRG Region Basel (2012 bis 2019). Mitglied des Fachausschusses Literatur BS\/BL (2004 bis 2014), Leiter Administration und Kommunikation Trotte Arlesheim (2007 bis 2014), Aktuar einer Schnitzelbangg-Gesellschaft (2009 bis 2015).\u00a0Vorstand \u201eTheater auf dem Lande\u201c, Arlesheim (1987 bis 1997), Mitbegr\u00fcnder und Vorstandsmitglied \u201eElternplattform Arlesheim\u201c (1991 bis 1996) , Bibliothekskommission \u00a0Arlesheim (zeitweilig Pr\u00e4sident, 1991 bis 1997), Gr\u00fcndungs- und Vorstandmitglied der Verwertungsgesellschaft SWISSPERFORM (Delegierter der SRG) (1993 bis 2000), Vizepr\u00e4sident und Aktuar des Musikschulrates Arlesheim (2002 bis 2011).<\/p>\n","protected":false},"excerpt":{"rendered":"<p>*1955, verheiratet, zwei erwachsene T\u00f6chter, lebt in Arlesheim (Schweiz, Europa, Planet Erde). \u2013 Autor, Texter, Kulturveranstalter, Verleger, Politiker. Ausbildung: Studierte in Basel und Wien: Deutsch, Englisch, Filmakademie, Philosophie, Theaterwissenschaft. Dissertation: Walt Disney und die Familie (Wien 1985). Eidg. Dipl. Verlagsmanager (1998). Berufserfahrung: War f\u00fcnfzehn Jahre lang Werbe- und Verkaufsleiter in einem Verlag und in einem &hellip; <a href=\"https:\/\/seiberth.ch\/wp_2015\/portraet-2\/portraet-details\/\" class=\"more-link\"><span class=\"screen-reader-text\">J\u00fcrg Seiberth (Details)<\/span> weiterlesen <span class=\"meta-nav\">&rarr;<\/span><\/a><\/p>\n","protected":false},"author":2,"featured_media":0,"parent":11,"menu_order":0,"comment_status":"closed","ping_status":"closed","template":"","meta":{"footnotes":""},"class_list":["post-777","page","type-page","status-publish","hentry"],"_links":{"self":[{"href":"https:\/\/seiberth.ch\/wp_2015\/wp-json\/wp\/v2\/pages\/777","targetHints":{"allow":["GET"]}}],"collection":[{"href":"https:\/\/seiberth.ch\/wp_2015\/wp-json\/wp\/v2\/pages"}],"about":[{"href":"https:\/\/seiberth.ch\/wp_2015\/wp-json\/wp\/v2\/types\/page"}],"author":[{"embeddable":true,"href":"https:\/\/seiberth.ch\/wp_2015\/wp-json\/wp\/v2\/users\/2"}],"replies":[{"embeddable":true,"href":"https:\/\/seiberth.ch\/wp_2015\/wp-json\/wp\/v2\/comments?post=777"}],"version-history":[{"count":15,"href":"https:\/\/seiberth.ch\/wp_2015\/wp-json\/wp\/v2\/pages\/777\/revisions"}],"predecessor-version":[{"id":2273,"href":"https:\/\/seiberth.ch\/wp_2015\/wp-json\/wp\/v2\/pages\/777\/revisions\/2273"}],"up":[{"embeddable":true,"href":"https:\/\/seiberth.ch\/wp_2015\/wp-json\/wp\/v2\/pages\/11"}],"wp:attachment":[{"href":"https:\/\/seiberth.ch\/wp_2015\/wp-json\/wp\/v2\/media?parent=777"}],"curies":[{"name":"wp","href":"https:\/\/api.w.org\/{rel}","templated":true}]}}