
{"id":781,"date":"2015-07-22T09:39:10","date_gmt":"2015-07-22T09:39:10","guid":{"rendered":"http:\/\/nidel.ch\/Wordpress\/?page_id=781"},"modified":"2015-11-20T12:40:03","modified_gmt":"2015-11-20T11:40:03","slug":"gestaltung-details","status":"publish","type":"page","link":"https:\/\/seiberth.ch\/wp_2015\/gestaltung\/gestaltung-details\/","title":{"rendered":"gestalten veranstalten verlegen (Details)"},"content":{"rendered":"<p><b>Gestaltung ist Lockstoff<\/b><br \/>\nDie Idee, das Konzept und der Text sind die Grundlage. Aber der T\u00fcr\u00f6ffner ist die Gestaltung. Wenn niemand angelockt wird, sind die guten Ideen, ist der gute Text f\u00fcr die Katz. Deshalb gestalte ich auch Inhalte im Web, Inserate, Prospekte, Drucksachen und B\u00fccher und auch Events.<\/p>\n<p><b>Typographie ist eine alte Leidenschaft.<\/b><br \/>\nSchon als Kind habe ich mit Stempeln, Bleisatz, Wachsmatrizen, Heliographiermaschinen und Umdruckern experimentiert. Seither habe ich sehr viel ausprobiert, B\u00fccher, Zeitschriften und Drucksachen aller Art gestaltet und realisiert, viel dazu gelernt und meine Grenzen erfahren.<\/p>\n<p><b>Ich bringe seit vielen Jahren Inhalte ins Web. <\/b><br \/>\nDiese Aktivit\u00e4ten \u00fcberlasse ich heute gerne auch j\u00fcngeren Leuten, die an vorderster Trendfront wirken. Aber reden k\u00f6nnen wir trotzdem dar\u00fcber.<\/p>\n<p><strong>Verlagsdienstleistungen, Verlag, Edition Text und Media<br \/>\n<\/strong>Wenn Sie eine Publikation planen\u00a0berate ich Sie gerne in Verlagsfragen<\/p>\n<div class=\"entry-content\">\n<ul>\n<li>Konzept<\/li>\n<li>Lektorat<\/li>\n<li>Gestaltung<\/li>\n<li>Produktion<\/li>\n<li>Vertrieb.<\/li>\n<\/ul>\n<p>Mein eigener kleiner Verlag heisst <a href=\"http:\/\/seiberth.ch\/wp_2015\/category\/edition-text-und-media\/\">Edition Text und Media<\/a>.<\/p>\n<\/div>\n<p><strong>Veranstaltungen<\/strong><br \/>\nIch habe viel Erfahrung mit dem Organisieren von Veranstaltungen zu verschiedenen Themen. &#8211;\u00a0Man kann gute Ideen und gute Texte \u00fcbrigens auch vortragen oder singen, es gibt viele M\u00f6glichkeiten, sie ans Publikum zu bringen. Auch da h\u00e4tte ich ein paar brauchbare Tipps auf Lager.<\/p>\n","protected":false},"excerpt":{"rendered":"<p>Gestaltung ist Lockstoff Die Idee, das Konzept und der Text sind die Grundlage. Aber der T\u00fcr\u00f6ffner ist die Gestaltung. Wenn niemand angelockt wird, sind die guten Ideen, ist der gute Text f\u00fcr die Katz. Deshalb gestalte ich auch Inhalte im Web, Inserate, Prospekte, Drucksachen und B\u00fccher und auch Events. Typographie ist eine alte Leidenschaft. Schon &hellip; <a href=\"https:\/\/seiberth.ch\/wp_2015\/gestaltung\/gestaltung-details\/\" class=\"more-link\"><span class=\"screen-reader-text\">gestalten veranstalten verlegen (Details)<\/span> weiterlesen <span class=\"meta-nav\">&rarr;<\/span><\/a><\/p>\n","protected":false},"author":2,"featured_media":0,"parent":757,"menu_order":0,"comment_status":"closed","ping_status":"closed","template":"","meta":{"footnotes":""},"class_list":["post-781","page","type-page","status-publish","hentry"],"_links":{"self":[{"href":"https:\/\/seiberth.ch\/wp_2015\/wp-json\/wp\/v2\/pages\/781","targetHints":{"allow":["GET"]}}],"collection":[{"href":"https:\/\/seiberth.ch\/wp_2015\/wp-json\/wp\/v2\/pages"}],"about":[{"href":"https:\/\/seiberth.ch\/wp_2015\/wp-json\/wp\/v2\/types\/page"}],"author":[{"embeddable":true,"href":"https:\/\/seiberth.ch\/wp_2015\/wp-json\/wp\/v2\/users\/2"}],"replies":[{"embeddable":true,"href":"https:\/\/seiberth.ch\/wp_2015\/wp-json\/wp\/v2\/comments?post=781"}],"version-history":[{"count":5,"href":"https:\/\/seiberth.ch\/wp_2015\/wp-json\/wp\/v2\/pages\/781\/revisions"}],"predecessor-version":[{"id":1202,"href":"https:\/\/seiberth.ch\/wp_2015\/wp-json\/wp\/v2\/pages\/781\/revisions\/1202"}],"up":[{"embeddable":true,"href":"https:\/\/seiberth.ch\/wp_2015\/wp-json\/wp\/v2\/pages\/757"}],"wp:attachment":[{"href":"https:\/\/seiberth.ch\/wp_2015\/wp-json\/wp\/v2\/media?parent=781"}],"curies":[{"name":"wp","href":"https:\/\/api.w.org\/{rel}","templated":true}]}}